{"id":497,"date":"2023-03-17T16:06:08","date_gmt":"2023-03-17T16:06:08","guid":{"rendered":"https:\/\/epaysite.net\/?page_id=497"},"modified":"2023-03-17T16:08:57","modified_gmt":"2023-03-17T16:08:57","slug":"cable-usb-magnetique-2m-3-in-one-usb-type-c-iphone","status":"publish","type":"page","link":"https:\/\/epaysite.net\/index.php\/cable-usb-magnetique-2m-3-in-one-usb-type-c-iphone\/","title":{"rendered":"Cable USB Magn\u00e9tique 2m 3 in one USB\/Type-C\/iPhone"},"content":{"rendered":"\t\t<div data-elementor-type=\"wp-page\" data-elementor-id=\"497\" class=\"elementor elementor-497\">\n\t\t\t\t\t\t<section class=\"elementor-section elementor-top-section elementor-element elementor-element-4bdf63ab elementor-section-boxed elementor-section-height-default elementor-section-height-default\" data-id=\"4bdf63ab\" data-element_type=\"section\" data-e-type=\"section\">\n\t\t\t\t\t\t<div class=\"elementor-container elementor-column-gap-default\">\n\t\t\t\t\t<div class=\"elementor-column elementor-col-100 elementor-top-column elementor-element elementor-element-2d040838\" data-id=\"2d040838\" data-element_type=\"column\" data-e-type=\"column\">\n\t\t\t<div class=\"elementor-widget-wrap elementor-element-populated\">\n\t\t\t\t\t\t<div class=\"elementor-element elementor-element-4d3dce0b elementor-widget elementor-widget-spacer\" data-id=\"4d3dce0b\" data-element_type=\"widget\" data-e-type=\"widget\" data-widget_type=\"spacer.default\">\n\t\t\t\t<div class=\"elementor-widget-container\">\n\t\t\t\t\t\t\t<div class=\"elementor-spacer\">\n\t\t\t<div class=\"elementor-spacer-inner\"><\/div>\n\t\t<\/div>\n\t\t\t\t\t\t<\/div>\n\t\t\t\t<\/div>\n\t\t\t\t\t<\/div>\n\t\t<\/div>\n\t\t\t\t\t<\/div>\n\t\t<\/section>\n\t\t\t\t<section class=\"elementor-section elementor-top-section elementor-element elementor-element-49546e99 elementor-section-boxed elementor-section-height-default elementor-section-height-default\" data-id=\"49546e99\" data-element_type=\"section\" data-e-type=\"section\">\n\t\t\t\t\t\t<div class=\"elementor-container elementor-column-gap-default\">\n\t\t\t\t\t<div class=\"elementor-column elementor-col-100 elementor-top-column elementor-element elementor-element-4d0b756b\" data-id=\"4d0b756b\" data-element_type=\"column\" data-e-type=\"column\">\n\t\t\t<div class=\"elementor-widget-wrap elementor-element-populated\">\n\t\t\t\t\t\t<div class=\"elementor-element elementor-element-35e596c3 elementor-widget elementor-widget-heading\" data-id=\"35e596c3\" data-element_type=\"widget\" data-e-type=\"widget\" data-widget_type=\"heading.default\">\n\t\t\t\t<div class=\"elementor-widget-container\">\n\t\t\t\t\t<h2 class=\"elementor-heading-title elementor-size-default\">3 in one cable 2m Micro USB et Type C magn\u00e9tique pour iPhone Samsung Android t\u00e9l\u00e9phone charge rapide.<\/h2>\t\t\t\t<\/div>\n\t\t\t\t<\/div>\n\t\t\t\t\t<\/div>\n\t\t<\/div>\n\t\t\t\t\t<\/div>\n\t\t<\/section>\n\t\t\t\t<section class=\"elementor-section elementor-top-section elementor-element elementor-element-5ffc8f8d elementor-section-boxed elementor-section-height-default elementor-section-height-default\" data-id=\"5ffc8f8d\" data-element_type=\"section\" data-e-type=\"section\">\n\t\t\t\t\t\t<div class=\"elementor-container elementor-column-gap-default\">\n\t\t\t\t\t<div class=\"elementor-column elementor-col-66 elementor-top-column elementor-element elementor-element-136b1658\" data-id=\"136b1658\" data-element_type=\"column\" data-e-type=\"column\">\n\t\t\t<div class=\"elementor-widget-wrap\">\n\t\t\t\t\t\t\t<\/div>\n\t\t<\/div>\n\t\t\t\t<div class=\"elementor-column elementor-col-33 elementor-top-column elementor-element elementor-element-e2ed372\" data-id=\"e2ed372\" data-element_type=\"column\" data-e-type=\"column\">\n\t\t\t<div class=\"elementor-widget-wrap elementor-element-populated\">\n\t\t\t\t\t\t<div class=\"elementor-element elementor-element-21c68394 elementor-align-center elementor-widget elementor-widget-button\" data-id=\"21c68394\" data-element_type=\"widget\" data-e-type=\"widget\" data-widget_type=\"button.default\">\n\t\t\t\t<div class=\"elementor-widget-container\">\n\t\t\t\t\t\t\t\t\t<div class=\"elementor-button-wrapper\">\n\t\t\t\t\t<a class=\"elementor-button elementor-button-link elementor-size-sm\" href=\"https:\/\/epaysite.net\/index.php\/produit-10\/\">\n\t\t\t\t\t\t<span class=\"elementor-button-content-wrapper\">\n\t\t\t\t\t\t\t\t\t<span class=\"elementor-button-text\">Commander<\/span>\n\t\t\t\t\t<\/span>\n\t\t\t\t\t<\/a>\n\t\t\t\t<\/div>\n\t\t\t\t\t\t\t\t<\/div>\n\t\t\t\t<\/div>\n\t\t\t\t\t<\/div>\n\t\t<\/div>\n\t\t\t\t\t<\/div>\n\t\t<\/section>\n\t\t\t\t<section class=\"elementor-section elementor-top-section elementor-element elementor-element-1f51bd9f elementor-section-boxed elementor-section-height-default elementor-section-height-default\" data-id=\"1f51bd9f\" data-element_type=\"section\" data-e-type=\"section\">\n\t\t\t\t\t\t<div class=\"elementor-container elementor-column-gap-default\">\n\t\t\t\t\t<div class=\"elementor-column elementor-col-100 elementor-top-column elementor-element elementor-element-6579acd8\" data-id=\"6579acd8\" data-element_type=\"column\" data-e-type=\"column\">\n\t\t\t<div class=\"elementor-widget-wrap elementor-element-populated\">\n\t\t\t\t\t\t<div class=\"elementor-element elementor-element-2a3d60df elementor-widget elementor-widget-text-editor\" data-id=\"2a3d60df\" data-element_type=\"widget\" data-e-type=\"widget\" data-widget_type=\"text-editor.default\">\n\t\t\t\t<div class=\"elementor-widget-container\">\n\t\t\t\t\t\t\t\t\t<ul class=\"font_8\"><li><p class=\"font_8\">Nom de la marque: Udyr<\/p><\/li><li><p class=\"font_8\">Mat\u00e9riel de surface: En Nylon<\/p><\/li><li><p class=\"font_8\">Connecteur A: LIGHTNING<\/p><\/li><li><p class=\"font_8\">Courant Maximum: 2.4A<\/p><\/li><li><p class=\"font_8\">Connecteur B: Type-C<\/p><\/li><li><p class=\"font_8\">A l&#8217;emballage de d\u00e9tail: Oui<\/p><\/li><li><p class=\"font_8\">Caract\u00e9ristiques: Magn\u00e9tique<\/p><\/li><li><p class=\"font_8\">Caract\u00e9ristiques: Illumin\u00e9<\/p><\/li><li><p class=\"font_8\">Caract\u00e9ristiques: Avec indicateur LED<\/p><\/li><li><p class=\"font_8\">Product name: 360 degree Magnetic cable<\/p><\/li><li><p class=\"font_8\">Color: Black, Silver, Red<\/p><\/li><li><p class=\"font_8\">Material: Aluminum Plug + Nylon Cable<\/p><\/li><li><p class=\"font_8\">Feature: Magnetic cable \/ Micro cable \/ usb c cable \/ For iPhone cable<\/p><\/li><li><p class=\"font_8\">Feature1: for apple iphone cable &amp; Micro usb cable &amp; Type c cable<\/p><\/li><li><p class=\"font_8\">Feature2: Magnetic Adapter; Magnetic Usb Connector<\/p><\/li><li><p class=\"font_8\">Feature3: For Samsung a50 a70 S10 S9 S8 Plus For Oneplus One Plus 7 Pro 6t 5 5t<\/p><\/li><li><p class=\"font_8\">Feature4: For iPhone XS MAX XR X 8 7 6 6S Plus 5 5S SE iPad Air mini 2 3 4 Pro<\/p><\/li><li><p class=\"font_8\">Feature5: NO support data transfer<\/p><\/li><\/ul>\t\t\t\t\t\t\t\t<\/div>\n\t\t\t\t<\/div>\n\t\t\t\t\t<\/div>\n\t\t<\/div>\n\t\t\t\t\t<\/div>\n\t\t<\/section>\n\t\t\t\t<section class=\"elementor-section elementor-top-section elementor-element elementor-element-7d3bc366 elementor-section-boxed elementor-section-height-default elementor-section-height-default\" data-id=\"7d3bc366\" data-element_type=\"section\" data-e-type=\"section\">\n\t\t\t\t\t\t<div class=\"elementor-container elementor-column-gap-default\">\n\t\t\t\t\t<div class=\"elementor-column elementor-col-100 elementor-top-column elementor-element elementor-element-684b3877\" data-id=\"684b3877\" data-element_type=\"column\" data-e-type=\"column\">\n\t\t\t<div class=\"elementor-widget-wrap elementor-element-populated\">\n\t\t\t\t\t\t<div class=\"elementor-element elementor-element-7887164a elementor-widget elementor-widget-image\" data-id=\"7887164a\" data-element_type=\"widget\" data-e-type=\"widget\" data-widget_type=\"image.default\">\n\t\t\t\t<div class=\"elementor-widget-container\">\n\t\t\t\t\t\t\t\t\t\t\t\t\t\t\t<img fetchpriority=\"high\" decoding=\"async\" width=\"628\" height=\"623\" src=\"https:\/\/epaysite.net\/wp-content\/uploads\/2023\/03\/1-25.png\" class=\"attachment-large size-large wp-image-503\" alt=\"\" srcset=\"https:\/\/epaysite.net\/wp-content\/uploads\/2023\/03\/1-25.png 628w, https:\/\/epaysite.net\/wp-content\/uploads\/2023\/03\/1-25-100x100.png 100w, https:\/\/epaysite.net\/wp-content\/uploads\/2023\/03\/1-25-600x595.png 600w, https:\/\/epaysite.net\/wp-content\/uploads\/2023\/03\/1-25-300x298.png 300w, https:\/\/epaysite.net\/wp-content\/uploads\/2023\/03\/1-25-150x150.png 150w\" sizes=\"(max-width: 628px) 100vw, 628px\" \/>\t\t\t\t\t\t\t\t\t\t\t\t\t\t\t<\/div>\n\t\t\t\t<\/div>\n\t\t\t\t\t<\/div>\n\t\t<\/div>\n\t\t\t\t\t<\/div>\n\t\t<\/section>\n\t\t\t\t<section class=\"elementor-section elementor-top-section elementor-element elementor-element-4967012d elementor-section-boxed elementor-section-height-default elementor-section-height-default\" data-id=\"4967012d\" data-element_type=\"section\" data-e-type=\"section\">\n\t\t\t\t\t\t<div class=\"elementor-container elementor-column-gap-default\">\n\t\t\t\t\t<div class=\"elementor-column elementor-col-100 elementor-top-column elementor-element elementor-element-558d21f5\" data-id=\"558d21f5\" data-element_type=\"column\" data-e-type=\"column\">\n\t\t\t<div class=\"elementor-widget-wrap elementor-element-populated\">\n\t\t\t\t\t\t<div class=\"elementor-element elementor-element-6f37ce66 elementor-widget elementor-widget-image\" data-id=\"6f37ce66\" data-element_type=\"widget\" data-e-type=\"widget\" data-widget_type=\"image.default\">\n\t\t\t\t<div class=\"elementor-widget-container\">\n\t\t\t\t\t\t\t\t\t\t\t\t\t\t\t<img decoding=\"async\" width=\"468\" height=\"612\" src=\"https:\/\/epaysite.net\/wp-content\/uploads\/2023\/03\/2-23.png\" class=\"attachment-large size-large wp-image-504\" alt=\"\" srcset=\"https:\/\/epaysite.net\/wp-content\/uploads\/2023\/03\/2-23.png 468w, https:\/\/epaysite.net\/wp-content\/uploads\/2023\/03\/2-23-229x300.png 229w\" sizes=\"(max-width: 468px) 100vw, 468px\" \/>\t\t\t\t\t\t\t\t\t\t\t\t\t\t\t<\/div>\n\t\t\t\t<\/div>\n\t\t\t\t\t<\/div>\n\t\t<\/div>\n\t\t\t\t\t<\/div>\n\t\t<\/section>\n\t\t\t\t<section class=\"elementor-section elementor-top-section elementor-element elementor-element-63820a20 elementor-section-boxed elementor-section-height-default elementor-section-height-default\" data-id=\"63820a20\" data-element_type=\"section\" data-e-type=\"section\">\n\t\t\t\t\t\t<div class=\"elementor-container elementor-column-gap-default\">\n\t\t\t\t\t<div class=\"elementor-column elementor-col-100 elementor-top-column elementor-element elementor-element-5dfa4b1f\" data-id=\"5dfa4b1f\" data-element_type=\"column\" data-e-type=\"column\">\n\t\t\t<div class=\"elementor-widget-wrap elementor-element-populated\">\n\t\t\t\t\t\t<div class=\"elementor-element elementor-element-3e39047 elementor-widget elementor-widget-image\" data-id=\"3e39047\" data-element_type=\"widget\" data-e-type=\"widget\" data-widget_type=\"image.default\">\n\t\t\t\t<div class=\"elementor-widget-container\">\n\t\t\t\t\t\t\t\t\t\t\t\t\t\t\t<img decoding=\"async\" width=\"627\" height=\"630\" src=\"https:\/\/epaysite.net\/wp-content\/uploads\/2023\/03\/3-21.png\" class=\"attachment-large size-large wp-image-505\" alt=\"\" srcset=\"https:\/\/epaysite.net\/wp-content\/uploads\/2023\/03\/3-21.png 627w, https:\/\/epaysite.net\/wp-content\/uploads\/2023\/03\/3-21-300x300.png 300w, https:\/\/epaysite.net\/wp-content\/uploads\/2023\/03\/3-21-100x100.png 100w, https:\/\/epaysite.net\/wp-content\/uploads\/2023\/03\/3-21-600x603.png 600w, https:\/\/epaysite.net\/wp-content\/uploads\/2023\/03\/3-21-150x150.png 150w\" sizes=\"(max-width: 627px) 100vw, 627px\" \/>\t\t\t\t\t\t\t\t\t\t\t\t\t\t\t<\/div>\n\t\t\t\t<\/div>\n\t\t\t\t\t<\/div>\n\t\t<\/div>\n\t\t\t\t\t<\/div>\n\t\t<\/section>\n\t\t\t\t<section class=\"elementor-section elementor-top-section elementor-element elementor-element-7d250cbc elementor-section-boxed elementor-section-height-default elementor-section-height-default\" data-id=\"7d250cbc\" data-element_type=\"section\" data-e-type=\"section\">\n\t\t\t\t\t\t<div class=\"elementor-container elementor-column-gap-default\">\n\t\t\t\t\t<div class=\"elementor-column elementor-col-100 elementor-top-column elementor-element elementor-element-48aa1bc3\" data-id=\"48aa1bc3\" data-element_type=\"column\" data-e-type=\"column\">\n\t\t\t<div class=\"elementor-widget-wrap elementor-element-populated\">\n\t\t\t\t\t\t<div class=\"elementor-element elementor-element-6e1e0a40 elementor-widget elementor-widget-image\" data-id=\"6e1e0a40\" data-element_type=\"widget\" data-e-type=\"widget\" data-widget_type=\"image.default\">\n\t\t\t\t<div class=\"elementor-widget-container\">\n\t\t\t\t\t\t\t\t\t\t\t\t\t\t\t<img loading=\"lazy\" decoding=\"async\" width=\"473\" height=\"593\" src=\"https:\/\/epaysite.net\/wp-content\/uploads\/2023\/03\/4-20.png\" class=\"attachment-large size-large wp-image-506\" alt=\"\" srcset=\"https:\/\/epaysite.net\/wp-content\/uploads\/2023\/03\/4-20.png 473w, https:\/\/epaysite.net\/wp-content\/uploads\/2023\/03\/4-20-239x300.png 239w\" sizes=\"(max-width: 473px) 100vw, 473px\" \/>\t\t\t\t\t\t\t\t\t\t\t\t\t\t\t<\/div>\n\t\t\t\t<\/div>\n\t\t\t\t\t<\/div>\n\t\t<\/div>\n\t\t\t\t\t<\/div>\n\t\t<\/section>\n\t\t\t\t<section class=\"elementor-section elementor-top-section elementor-element elementor-element-fe3ff69 elementor-section-boxed elementor-section-height-default elementor-section-height-default\" data-id=\"fe3ff69\" data-element_type=\"section\" data-e-type=\"section\">\n\t\t\t\t\t\t<div class=\"elementor-container elementor-column-gap-default\">\n\t\t\t\t\t<div class=\"elementor-column elementor-col-100 elementor-top-column elementor-element elementor-element-75e5ef79\" data-id=\"75e5ef79\" data-element_type=\"column\" data-e-type=\"column\">\n\t\t\t<div class=\"elementor-widget-wrap elementor-element-populated\">\n\t\t\t\t\t\t<div class=\"elementor-element elementor-element-15644e7 elementor-widget elementor-widget-image\" data-id=\"15644e7\" data-element_type=\"widget\" data-e-type=\"widget\" data-widget_type=\"image.default\">\n\t\t\t\t<div class=\"elementor-widget-container\">\n\t\t\t\t\t\t\t\t\t\t\t\t\t\t\t<img loading=\"lazy\" decoding=\"async\" width=\"472\" height=\"502\" src=\"https:\/\/epaysite.net\/wp-content\/uploads\/2023\/03\/6-8.png\" class=\"attachment-large size-large wp-image-508\" alt=\"\" srcset=\"https:\/\/epaysite.net\/wp-content\/uploads\/2023\/03\/6-8.png 472w, https:\/\/epaysite.net\/wp-content\/uploads\/2023\/03\/6-8-282x300.png 282w\" sizes=\"(max-width: 472px) 100vw, 472px\" \/>\t\t\t\t\t\t\t\t\t\t\t\t\t\t\t<\/div>\n\t\t\t\t<\/div>\n\t\t\t\t\t<\/div>\n\t\t<\/div>\n\t\t\t\t\t<\/div>\n\t\t<\/section>\n\t\t\t\t<section class=\"elementor-section elementor-top-section elementor-element elementor-element-7f46162f elementor-section-boxed elementor-section-height-default elementor-section-height-default\" data-id=\"7f46162f\" data-element_type=\"section\" data-e-type=\"section\">\n\t\t\t\t\t\t<div class=\"elementor-container elementor-column-gap-default\">\n\t\t\t\t\t<div class=\"elementor-column elementor-col-100 elementor-top-column elementor-element elementor-element-1b7eef39\" data-id=\"1b7eef39\" data-element_type=\"column\" data-e-type=\"column\">\n\t\t\t<div class=\"elementor-widget-wrap elementor-element-populated\">\n\t\t\t\t\t\t<div class=\"elementor-element elementor-element-54c4cd56 elementor-widget elementor-widget-image\" data-id=\"54c4cd56\" data-element_type=\"widget\" data-e-type=\"widget\" data-widget_type=\"image.default\">\n\t\t\t\t<div class=\"elementor-widget-container\">\n\t\t\t\t\t\t\t\t\t\t\t\t\t\t\t<img loading=\"lazy\" decoding=\"async\" width=\"609\" height=\"552\" src=\"https:\/\/epaysite.net\/wp-content\/uploads\/2023\/03\/6-2.png\" class=\"attachment-large size-large wp-image-336\" alt=\"\" srcset=\"https:\/\/epaysite.net\/wp-content\/uploads\/2023\/03\/6-2.png 609w, https:\/\/epaysite.net\/wp-content\/uploads\/2023\/03\/6-2-600x544.png 600w, https:\/\/epaysite.net\/wp-content\/uploads\/2023\/03\/6-2-300x272.png 300w\" sizes=\"(max-width: 609px) 100vw, 609px\" \/>\t\t\t\t\t\t\t\t\t\t\t\t\t\t\t<\/div>\n\t\t\t\t<\/div>\n\t\t\t\t\t<\/div>\n\t\t<\/div>\n\t\t\t\t\t<\/div>\n\t\t<\/section>\n\t\t\t\t<section class=\"elementor-section elementor-top-section elementor-element elementor-element-3dea895 elementor-section-boxed elementor-section-height-default elementor-section-height-default\" data-id=\"3dea895\" data-element_type=\"section\" data-e-type=\"section\">\n\t\t\t\t\t\t<div class=\"elementor-container elementor-column-gap-default\">\n\t\t\t\t\t<div class=\"elementor-column elementor-col-100 elementor-top-column elementor-element elementor-element-6b89514\" data-id=\"6b89514\" data-element_type=\"column\" data-e-type=\"column\">\n\t\t\t<div class=\"elementor-widget-wrap elementor-element-populated\">\n\t\t\t\t\t\t<div class=\"elementor-element elementor-element-77471f38 elementor-widget elementor-widget-spacer\" data-id=\"77471f38\" data-element_type=\"widget\" data-e-type=\"widget\" data-widget_type=\"spacer.default\">\n\t\t\t\t<div class=\"elementor-widget-container\">\n\t\t\t\t\t\t\t<div class=\"elementor-spacer\">\n\t\t\t<div class=\"elementor-spacer-inner\"><\/div>\n\t\t<\/div>\n\t\t\t\t\t\t<\/div>\n\t\t\t\t<\/div>\n\t\t\t\t\t<\/div>\n\t\t<\/div>\n\t\t\t\t\t<\/div>\n\t\t<\/section>\n\t\t\t\t<\/div>\n\t\t","protected":false},"excerpt":{"rendered":"<p>3 in one cable 2m Micro USB et Type C magn\u00e9tique pour iPhone Samsung Android t\u00e9l\u00e9phone charge rapide. Commander Nom&#8230;<\/p>\n","protected":false},"author":1,"featured_media":0,"parent":0,"menu_order":0,"comment_status":"closed","ping_status":"closed","template":"","meta":{"footnotes":""},"class_list":["post-497","page","type-page","status-publish","hentry"],"_links":{"self":[{"href":"https:\/\/epaysite.net\/index.php\/wp-json\/wp\/v2\/pages\/497","targetHints":{"allow":["GET"]}}],"collection":[{"href":"https:\/\/epaysite.net\/index.php\/wp-json\/wp\/v2\/pages"}],"about":[{"href":"https:\/\/epaysite.net\/index.php\/wp-json\/wp\/v2\/types\/page"}],"author":[{"embeddable":true,"href":"https:\/\/epaysite.net\/index.php\/wp-json\/wp\/v2\/users\/1"}],"replies":[{"embeddable":true,"href":"https:\/\/epaysite.net\/index.php\/wp-json\/wp\/v2\/comments?post=497"}],"version-history":[{"count":0,"href":"https:\/\/epaysite.net\/index.php\/wp-json\/wp\/v2\/pages\/497\/revisions"}],"wp:attachment":[{"href":"https:\/\/epaysite.net\/index.php\/wp-json\/wp\/v2\/media?parent=497"}],"curies":[{"name":"wp","href":"https:\/\/api.w.org\/{rel}","templated":true}]}}