{"id":430,"date":"2023-03-17T14:26:33","date_gmt":"2023-03-17T14:26:33","guid":{"rendered":"https:\/\/epaysite.net\/?page_id=430"},"modified":"2023-03-17T14:42:24","modified_gmt":"2023-03-17T14:42:24","slug":"sandisk-usb-otg-128-go-vitesse-130-mo-s-memoire-3-0","status":"publish","type":"page","link":"https:\/\/epaysite.net\/index.php\/sandisk-usb-otg-128-go-vitesse-130-mo-s-memoire-3-0\/","title":{"rendered":"SanDisk USB OTG 128 Go Vitesse 130 Mo\/s m\u00e9moire 3.0"},"content":{"rendered":"\t\t<div data-elementor-type=\"wp-page\" data-elementor-id=\"430\" class=\"elementor elementor-430\">\n\t\t\t\t\t\t<section class=\"elementor-section elementor-top-section elementor-element elementor-element-5e4dbc2d elementor-section-boxed elementor-section-height-default elementor-section-height-default\" data-id=\"5e4dbc2d\" data-element_type=\"section\" data-e-type=\"section\">\n\t\t\t\t\t\t<div class=\"elementor-container elementor-column-gap-default\">\n\t\t\t\t\t<div class=\"elementor-column elementor-col-100 elementor-top-column elementor-element elementor-element-54259ea0\" data-id=\"54259ea0\" data-element_type=\"column\" data-e-type=\"column\">\n\t\t\t<div class=\"elementor-widget-wrap elementor-element-populated\">\n\t\t\t\t\t\t<div class=\"elementor-element elementor-element-61f80c77 elementor-widget elementor-widget-spacer\" data-id=\"61f80c77\" data-element_type=\"widget\" data-e-type=\"widget\" data-widget_type=\"spacer.default\">\n\t\t\t\t<div class=\"elementor-widget-container\">\n\t\t\t\t\t\t\t<div class=\"elementor-spacer\">\n\t\t\t<div class=\"elementor-spacer-inner\"><\/div>\n\t\t<\/div>\n\t\t\t\t\t\t<\/div>\n\t\t\t\t<\/div>\n\t\t\t\t\t<\/div>\n\t\t<\/div>\n\t\t\t\t\t<\/div>\n\t\t<\/section>\n\t\t\t\t<section class=\"elementor-section elementor-top-section elementor-element elementor-element-6175c90b elementor-section-boxed elementor-section-height-default elementor-section-height-default\" data-id=\"6175c90b\" data-element_type=\"section\" data-e-type=\"section\">\n\t\t\t\t\t\t<div class=\"elementor-container elementor-column-gap-default\">\n\t\t\t\t\t<div class=\"elementor-column elementor-col-100 elementor-top-column elementor-element elementor-element-5836f4dd\" data-id=\"5836f4dd\" data-element_type=\"column\" data-e-type=\"column\">\n\t\t\t<div class=\"elementor-widget-wrap elementor-element-populated\">\n\t\t\t\t\t\t<div class=\"elementor-element elementor-element-359709f5 elementor-widget elementor-widget-heading\" data-id=\"359709f5\" data-element_type=\"widget\" data-e-type=\"widget\" data-widget_type=\"heading.default\">\n\t\t\t\t<div class=\"elementor-widget-container\">\n\t\t\t\t\t<h2 class=\"elementor-heading-title elementor-size-default\">SanDisk USB OTG 128GB cl\u00e9 pour ordinateur\/t\u00e9l\u00e9phone Android m\u00e9moire 3.0\n<\/h2>\t\t\t\t<\/div>\n\t\t\t\t<\/div>\n\t\t\t\t\t<\/div>\n\t\t<\/div>\n\t\t\t\t\t<\/div>\n\t\t<\/section>\n\t\t\t\t<section class=\"elementor-section elementor-top-section elementor-element elementor-element-1c04e795 elementor-section-boxed elementor-section-height-default elementor-section-height-default\" data-id=\"1c04e795\" data-element_type=\"section\" data-e-type=\"section\">\n\t\t\t\t\t\t<div class=\"elementor-container elementor-column-gap-default\">\n\t\t\t\t\t<div class=\"elementor-column elementor-col-66 elementor-top-column elementor-element elementor-element-55d7509\" data-id=\"55d7509\" data-element_type=\"column\" data-e-type=\"column\">\n\t\t\t<div class=\"elementor-widget-wrap\">\n\t\t\t\t\t\t\t<\/div>\n\t\t<\/div>\n\t\t\t\t<div class=\"elementor-column elementor-col-33 elementor-top-column elementor-element elementor-element-15951bde\" data-id=\"15951bde\" data-element_type=\"column\" data-e-type=\"column\">\n\t\t\t<div class=\"elementor-widget-wrap elementor-element-populated\">\n\t\t\t\t\t\t<div class=\"elementor-element elementor-element-6da45c25 elementor-align-center elementor-widget elementor-widget-button\" data-id=\"6da45c25\" data-element_type=\"widget\" data-e-type=\"widget\" data-widget_type=\"button.default\">\n\t\t\t\t<div class=\"elementor-widget-container\">\n\t\t\t\t\t\t\t\t\t<div class=\"elementor-button-wrapper\">\n\t\t\t\t\t<a class=\"elementor-button elementor-button-link elementor-size-sm\" href=\"https:\/\/epaysite.net\/index.php\/produit-06\/\">\n\t\t\t\t\t\t<span class=\"elementor-button-content-wrapper\">\n\t\t\t\t\t\t\t\t\t<span class=\"elementor-button-text\">Commander<\/span>\n\t\t\t\t\t<\/span>\n\t\t\t\t\t<\/a>\n\t\t\t\t<\/div>\n\t\t\t\t\t\t\t\t<\/div>\n\t\t\t\t<\/div>\n\t\t\t\t\t<\/div>\n\t\t<\/div>\n\t\t\t\t\t<\/div>\n\t\t<\/section>\n\t\t\t\t<section class=\"elementor-section elementor-top-section elementor-element elementor-element-4055920a elementor-section-boxed elementor-section-height-default elementor-section-height-default\" data-id=\"4055920a\" data-element_type=\"section\" data-e-type=\"section\">\n\t\t\t\t\t\t<div class=\"elementor-container elementor-column-gap-default\">\n\t\t\t\t\t<div class=\"elementor-column elementor-col-100 elementor-top-column elementor-element elementor-element-32ba7148\" data-id=\"32ba7148\" data-element_type=\"column\" data-e-type=\"column\">\n\t\t\t<div class=\"elementor-widget-wrap elementor-element-populated\">\n\t\t\t\t\t\t<div class=\"elementor-element elementor-element-16472dae elementor-widget elementor-widget-text-editor\" data-id=\"16472dae\" data-element_type=\"widget\" data-e-type=\"widget\" data-widget_type=\"text-editor.default\">\n\t\t\t\t<div class=\"elementor-widget-container\">\n\t\t\t\t\t\t\t\t\t<ul class=\"font_8\"><li><p class=\"font_8\">Nom de la marque: Sandisk<\/p><\/li><li><p class=\"font_8\">Type d&#8217;interface: USB 3.0<\/p><\/li><li><p class=\"font_8\">Chiffrement: Pas de<\/p><\/li><li><p class=\"font_8\">Produit de poids: 12.6 g<\/p><\/li><li><p class=\"font_8\">Style: Rectangle<\/p><\/li><li><p class=\"font_8\">Style: Stylo<\/p><\/li><li><p class=\"font_8\">Style: B\u00e2ton<\/p><\/li><li><p class=\"font_8\">Num\u00e9ro du mod\u00e8le: SDDD2&amp;SDDD3<\/p><\/li><li><p class=\"font_8\">Time to market: Novembre 2016<\/p><\/li><li><p class=\"font_8\">Mat\u00e9riel: En plastique<\/p><\/li><li><p class=\"font_8\">Paquet: Oui<\/p><\/li><li><p class=\"font_8\">Type de produit: Flash disque<\/p><\/li><li><p class=\"font_8\">Interface: USB 3.0\/micro-USB<\/p><\/li><li><p class=\"font_8\">Read Speed: Up to 150 MB\/s<\/p><\/li><li><p class=\"font_8\">Support type: micro usb for Android smartphone<\/p><\/li><\/ul>\t\t\t\t\t\t\t\t<\/div>\n\t\t\t\t<\/div>\n\t\t\t\t\t<\/div>\n\t\t<\/div>\n\t\t\t\t\t<\/div>\n\t\t<\/section>\n\t\t\t\t<section class=\"elementor-section elementor-top-section elementor-element elementor-element-3f38e078 elementor-section-boxed elementor-section-height-default elementor-section-height-default\" data-id=\"3f38e078\" data-element_type=\"section\" data-e-type=\"section\">\n\t\t\t\t\t\t<div class=\"elementor-container elementor-column-gap-default\">\n\t\t\t\t\t<div class=\"elementor-column elementor-col-100 elementor-top-column elementor-element elementor-element-2fe3758b\" data-id=\"2fe3758b\" data-element_type=\"column\" data-e-type=\"column\">\n\t\t\t<div class=\"elementor-widget-wrap elementor-element-populated\">\n\t\t\t\t\t\t<div class=\"elementor-element elementor-element-6a14c579 elementor-widget elementor-widget-image\" data-id=\"6a14c579\" data-element_type=\"widget\" data-e-type=\"widget\" data-widget_type=\"image.default\">\n\t\t\t\t<div class=\"elementor-widget-container\">\n\t\t\t\t\t\t\t\t\t\t\t\t\t\t\t<img fetchpriority=\"high\" decoding=\"async\" width=\"599\" height=\"467\" src=\"https:\/\/epaysite.net\/wp-content\/uploads\/2023\/03\/1-21.png\" class=\"attachment-large size-large wp-image-433\" alt=\"\" srcset=\"https:\/\/epaysite.net\/wp-content\/uploads\/2023\/03\/1-21.png 599w, https:\/\/epaysite.net\/wp-content\/uploads\/2023\/03\/1-21-300x234.png 300w\" sizes=\"(max-width: 599px) 100vw, 599px\" \/>\t\t\t\t\t\t\t\t\t\t\t\t\t\t\t<\/div>\n\t\t\t\t<\/div>\n\t\t\t\t\t<\/div>\n\t\t<\/div>\n\t\t\t\t\t<\/div>\n\t\t<\/section>\n\t\t\t\t<section class=\"elementor-section elementor-top-section elementor-element elementor-element-59ca1ab3 elementor-section-boxed elementor-section-height-default elementor-section-height-default\" data-id=\"59ca1ab3\" data-element_type=\"section\" data-e-type=\"section\">\n\t\t\t\t\t\t<div class=\"elementor-container elementor-column-gap-default\">\n\t\t\t\t\t<div class=\"elementor-column elementor-col-100 elementor-top-column elementor-element elementor-element-5f490a31\" data-id=\"5f490a31\" data-element_type=\"column\" data-e-type=\"column\">\n\t\t\t<div class=\"elementor-widget-wrap elementor-element-populated\">\n\t\t\t\t\t\t<div class=\"elementor-element elementor-element-411646f5 elementor-widget elementor-widget-image\" data-id=\"411646f5\" data-element_type=\"widget\" data-e-type=\"widget\" data-widget_type=\"image.default\">\n\t\t\t\t<div class=\"elementor-widget-container\">\n\t\t\t\t\t\t\t\t\t\t\t\t\t\t\t<img decoding=\"async\" width=\"739\" height=\"572\" src=\"https:\/\/epaysite.net\/wp-content\/uploads\/2023\/03\/2-19.png\" class=\"attachment-large size-large wp-image-434\" alt=\"\" srcset=\"https:\/\/epaysite.net\/wp-content\/uploads\/2023\/03\/2-19.png 739w, https:\/\/epaysite.net\/wp-content\/uploads\/2023\/03\/2-19-600x464.png 600w, https:\/\/epaysite.net\/wp-content\/uploads\/2023\/03\/2-19-300x232.png 300w\" sizes=\"(max-width: 739px) 100vw, 739px\" \/>\t\t\t\t\t\t\t\t\t\t\t\t\t\t\t<\/div>\n\t\t\t\t<\/div>\n\t\t\t\t\t<\/div>\n\t\t<\/div>\n\t\t\t\t\t<\/div>\n\t\t<\/section>\n\t\t\t\t<section class=\"elementor-section elementor-top-section elementor-element elementor-element-6c7cc4a5 elementor-section-boxed elementor-section-height-default elementor-section-height-default\" data-id=\"6c7cc4a5\" data-element_type=\"section\" data-e-type=\"section\">\n\t\t\t\t\t\t<div class=\"elementor-container elementor-column-gap-default\">\n\t\t\t\t\t<div class=\"elementor-column elementor-col-100 elementor-top-column elementor-element elementor-element-79db20d9\" data-id=\"79db20d9\" data-element_type=\"column\" data-e-type=\"column\">\n\t\t\t<div class=\"elementor-widget-wrap elementor-element-populated\">\n\t\t\t\t\t\t<div class=\"elementor-element elementor-element-6ae25a9c elementor-widget elementor-widget-image\" data-id=\"6ae25a9c\" data-element_type=\"widget\" data-e-type=\"widget\" data-widget_type=\"image.default\">\n\t\t\t\t<div class=\"elementor-widget-container\">\n\t\t\t\t\t\t\t\t\t\t\t\t\t\t\t<img decoding=\"async\" width=\"738\" height=\"622\" src=\"https:\/\/epaysite.net\/wp-content\/uploads\/2023\/03\/3-18.png\" class=\"attachment-large size-large wp-image-435\" alt=\"\" srcset=\"https:\/\/epaysite.net\/wp-content\/uploads\/2023\/03\/3-18.png 738w, https:\/\/epaysite.net\/wp-content\/uploads\/2023\/03\/3-18-600x506.png 600w, https:\/\/epaysite.net\/wp-content\/uploads\/2023\/03\/3-18-300x253.png 300w\" sizes=\"(max-width: 738px) 100vw, 738px\" \/>\t\t\t\t\t\t\t\t\t\t\t\t\t\t\t<\/div>\n\t\t\t\t<\/div>\n\t\t\t\t\t<\/div>\n\t\t<\/div>\n\t\t\t\t\t<\/div>\n\t\t<\/section>\n\t\t\t\t<section class=\"elementor-section elementor-top-section elementor-element elementor-element-35b30556 elementor-section-boxed elementor-section-height-default elementor-section-height-default\" data-id=\"35b30556\" data-element_type=\"section\" data-e-type=\"section\">\n\t\t\t\t\t\t<div class=\"elementor-container elementor-column-gap-default\">\n\t\t\t\t\t<div class=\"elementor-column elementor-col-100 elementor-top-column elementor-element elementor-element-4e6641c7\" data-id=\"4e6641c7\" data-element_type=\"column\" data-e-type=\"column\">\n\t\t\t<div class=\"elementor-widget-wrap elementor-element-populated\">\n\t\t\t\t\t\t<div class=\"elementor-element elementor-element-46e247ac elementor-widget elementor-widget-image\" data-id=\"46e247ac\" data-element_type=\"widget\" data-e-type=\"widget\" data-widget_type=\"image.default\">\n\t\t\t\t<div class=\"elementor-widget-container\">\n\t\t\t\t\t\t\t\t\t\t\t\t\t\t\t<img loading=\"lazy\" decoding=\"async\" width=\"654\" height=\"585\" src=\"https:\/\/epaysite.net\/wp-content\/uploads\/2023\/03\/4-17.png\" class=\"attachment-large size-large wp-image-436\" alt=\"\" srcset=\"https:\/\/epaysite.net\/wp-content\/uploads\/2023\/03\/4-17.png 654w, https:\/\/epaysite.net\/wp-content\/uploads\/2023\/03\/4-17-600x537.png 600w, https:\/\/epaysite.net\/wp-content\/uploads\/2023\/03\/4-17-300x268.png 300w\" sizes=\"(max-width: 654px) 100vw, 654px\" \/>\t\t\t\t\t\t\t\t\t\t\t\t\t\t\t<\/div>\n\t\t\t\t<\/div>\n\t\t\t\t\t<\/div>\n\t\t<\/div>\n\t\t\t\t\t<\/div>\n\t\t<\/section>\n\t\t\t\t<section class=\"elementor-section elementor-top-section elementor-element elementor-element-72ff326a elementor-section-boxed elementor-section-height-default elementor-section-height-default\" data-id=\"72ff326a\" data-element_type=\"section\" data-e-type=\"section\">\n\t\t\t\t\t\t<div class=\"elementor-container elementor-column-gap-default\">\n\t\t\t\t\t<div class=\"elementor-column elementor-col-100 elementor-top-column elementor-element elementor-element-65887648\" data-id=\"65887648\" data-element_type=\"column\" data-e-type=\"column\">\n\t\t\t<div class=\"elementor-widget-wrap elementor-element-populated\">\n\t\t\t\t\t\t<div class=\"elementor-element elementor-element-7416b604 elementor-widget elementor-widget-image\" data-id=\"7416b604\" data-element_type=\"widget\" data-e-type=\"widget\" data-widget_type=\"image.default\">\n\t\t\t\t<div class=\"elementor-widget-container\">\n\t\t\t\t\t\t\t\t\t\t\t\t\t\t\t<img loading=\"lazy\" decoding=\"async\" width=\"617\" height=\"455\" src=\"https:\/\/epaysite.net\/wp-content\/uploads\/2023\/03\/5-12.png\" class=\"attachment-large size-large wp-image-437\" alt=\"\" srcset=\"https:\/\/epaysite.net\/wp-content\/uploads\/2023\/03\/5-12.png 617w, https:\/\/epaysite.net\/wp-content\/uploads\/2023\/03\/5-12-600x442.png 600w, https:\/\/epaysite.net\/wp-content\/uploads\/2023\/03\/5-12-300x221.png 300w\" sizes=\"(max-width: 617px) 100vw, 617px\" \/>\t\t\t\t\t\t\t\t\t\t\t\t\t\t\t<\/div>\n\t\t\t\t<\/div>\n\t\t\t\t\t<\/div>\n\t\t<\/div>\n\t\t\t\t\t<\/div>\n\t\t<\/section>\n\t\t\t\t<section class=\"elementor-section elementor-top-section elementor-element elementor-element-2e1cbc44 elementor-section-boxed elementor-section-height-default elementor-section-height-default\" data-id=\"2e1cbc44\" data-element_type=\"section\" data-e-type=\"section\">\n\t\t\t\t\t\t<div class=\"elementor-container elementor-column-gap-default\">\n\t\t\t\t\t<div class=\"elementor-column elementor-col-100 elementor-top-column elementor-element elementor-element-55d2173c\" data-id=\"55d2173c\" data-element_type=\"column\" data-e-type=\"column\">\n\t\t\t<div class=\"elementor-widget-wrap elementor-element-populated\">\n\t\t\t\t\t\t<div class=\"elementor-element elementor-element-37877159 elementor-widget elementor-widget-image\" data-id=\"37877159\" data-element_type=\"widget\" data-e-type=\"widget\" data-widget_type=\"image.default\">\n\t\t\t\t<div class=\"elementor-widget-container\">\n\t\t\t\t\t\t\t\t\t\t\t\t\t\t\t<img loading=\"lazy\" decoding=\"async\" width=\"754\" height=\"602\" src=\"https:\/\/epaysite.net\/wp-content\/uploads\/2023\/03\/6-6.png\" class=\"attachment-large size-large wp-image-438\" alt=\"\" srcset=\"https:\/\/epaysite.net\/wp-content\/uploads\/2023\/03\/6-6.png 754w, https:\/\/epaysite.net\/wp-content\/uploads\/2023\/03\/6-6-600x479.png 600w, https:\/\/epaysite.net\/wp-content\/uploads\/2023\/03\/6-6-300x240.png 300w\" sizes=\"(max-width: 754px) 100vw, 754px\" \/>\t\t\t\t\t\t\t\t\t\t\t\t\t\t\t<\/div>\n\t\t\t\t<\/div>\n\t\t\t\t\t<\/div>\n\t\t<\/div>\n\t\t\t\t\t<\/div>\n\t\t<\/section>\n\t\t\t\t<section class=\"elementor-section elementor-top-section elementor-element elementor-element-e5055c1 elementor-section-boxed elementor-section-height-default elementor-section-height-default\" data-id=\"e5055c1\" data-element_type=\"section\" data-e-type=\"section\">\n\t\t\t\t\t\t<div class=\"elementor-container elementor-column-gap-default\">\n\t\t\t\t\t<div class=\"elementor-column elementor-col-100 elementor-top-column elementor-element elementor-element-5f69d6e2\" data-id=\"5f69d6e2\" data-element_type=\"column\" data-e-type=\"column\">\n\t\t\t<div class=\"elementor-widget-wrap elementor-element-populated\">\n\t\t\t\t\t\t<div class=\"elementor-element elementor-element-183a9510 elementor-widget elementor-widget-spacer\" data-id=\"183a9510\" data-element_type=\"widget\" data-e-type=\"widget\" data-widget_type=\"spacer.default\">\n\t\t\t\t<div class=\"elementor-widget-container\">\n\t\t\t\t\t\t\t<div class=\"elementor-spacer\">\n\t\t\t<div class=\"elementor-spacer-inner\"><\/div>\n\t\t<\/div>\n\t\t\t\t\t\t<\/div>\n\t\t\t\t<\/div>\n\t\t\t\t\t<\/div>\n\t\t<\/div>\n\t\t\t\t\t<\/div>\n\t\t<\/section>\n\t\t\t\t<\/div>\n\t\t","protected":false},"excerpt":{"rendered":"<p>SanDisk USB OTG 128GB cl\u00e9 pour ordinateur\/t\u00e9l\u00e9phone Android m\u00e9moire 3.0 Commander Nom de la marque: Sandisk Type d&#8217;interface: USB 3.0&#8230;<\/p>\n","protected":false},"author":1,"featured_media":0,"parent":0,"menu_order":0,"comment_status":"closed","ping_status":"closed","template":"","meta":{"footnotes":""},"class_list":["post-430","page","type-page","status-publish","hentry"],"_links":{"self":[{"href":"https:\/\/epaysite.net\/index.php\/wp-json\/wp\/v2\/pages\/430","targetHints":{"allow":["GET"]}}],"collection":[{"href":"https:\/\/epaysite.net\/index.php\/wp-json\/wp\/v2\/pages"}],"about":[{"href":"https:\/\/epaysite.net\/index.php\/wp-json\/wp\/v2\/types\/page"}],"author":[{"embeddable":true,"href":"https:\/\/epaysite.net\/index.php\/wp-json\/wp\/v2\/users\/1"}],"replies":[{"embeddable":true,"href":"https:\/\/epaysite.net\/index.php\/wp-json\/wp\/v2\/comments?post=430"}],"version-history":[{"count":0,"href":"https:\/\/epaysite.net\/index.php\/wp-json\/wp\/v2\/pages\/430\/revisions"}],"wp:attachment":[{"href":"https:\/\/epaysite.net\/index.php\/wp-json\/wp\/v2\/media?parent=430"}],"curies":[{"name":"wp","href":"https:\/\/api.w.org\/{rel}","templated":true}]}}