{"id":398,"date":"2023-03-17T14:16:58","date_gmt":"2023-03-17T14:16:58","guid":{"rendered":"https:\/\/epaysite.net\/?page_id=398"},"modified":"2023-03-17T14:41:43","modified_gmt":"2023-03-17T14:41:43","slug":"h96-max-4k-hd-1080p-tv-box-android-9-0-2gb-ram-16gb","status":"publish","type":"page","link":"https:\/\/epaysite.net\/index.php\/h96-max-4k-hd-1080p-tv-box-android-9-0-2gb-ram-16gb\/","title":{"rendered":"H96 MAX 4K HD 1080p TV Box Android 9.0 2GB RAM\/16GB"},"content":{"rendered":"\t\t<div data-elementor-type=\"wp-page\" data-elementor-id=\"398\" class=\"elementor elementor-398\">\n\t\t\t\t\t\t<section class=\"elementor-section elementor-top-section elementor-element elementor-element-221973dc elementor-section-boxed elementor-section-height-default elementor-section-height-default\" data-id=\"221973dc\" data-element_type=\"section\" data-e-type=\"section\">\n\t\t\t\t\t\t<div class=\"elementor-container elementor-column-gap-default\">\n\t\t\t\t\t<div class=\"elementor-column elementor-col-100 elementor-top-column elementor-element elementor-element-24d6915d\" data-id=\"24d6915d\" data-element_type=\"column\" data-e-type=\"column\">\n\t\t\t<div class=\"elementor-widget-wrap elementor-element-populated\">\n\t\t\t\t\t\t<div class=\"elementor-element elementor-element-1d5b5dfb elementor-widget elementor-widget-spacer\" data-id=\"1d5b5dfb\" data-element_type=\"widget\" data-e-type=\"widget\" data-widget_type=\"spacer.default\">\n\t\t\t\t<div class=\"elementor-widget-container\">\n\t\t\t\t\t\t\t<div class=\"elementor-spacer\">\n\t\t\t<div class=\"elementor-spacer-inner\"><\/div>\n\t\t<\/div>\n\t\t\t\t\t\t<\/div>\n\t\t\t\t<\/div>\n\t\t\t\t\t<\/div>\n\t\t<\/div>\n\t\t\t\t\t<\/div>\n\t\t<\/section>\n\t\t\t\t<section class=\"elementor-section elementor-top-section elementor-element elementor-element-560b475a elementor-section-boxed elementor-section-height-default elementor-section-height-default\" data-id=\"560b475a\" data-element_type=\"section\" data-e-type=\"section\">\n\t\t\t\t\t\t<div class=\"elementor-container elementor-column-gap-default\">\n\t\t\t\t\t<div class=\"elementor-column elementor-col-100 elementor-top-column elementor-element elementor-element-ef2e0a1\" data-id=\"ef2e0a1\" data-element_type=\"column\" data-e-type=\"column\">\n\t\t\t<div class=\"elementor-widget-wrap elementor-element-populated\">\n\t\t\t\t\t\t<div class=\"elementor-element elementor-element-1f6980c7 elementor-widget elementor-widget-heading\" data-id=\"1f6980c7\" data-element_type=\"widget\" data-e-type=\"widget\" data-widget_type=\"heading.default\">\n\t\t\t\t<div class=\"elementor-widget-container\">\n\t\t\t\t\t<h2 class=\"elementor-heading-title elementor-size-default\">H96 MAX 4K HD 1080P Android TV Box RK3318 Android 9.0 d\u00e9codeur intelligent RK3318 Quad Core lecteur multim\u00e9dia Support 3D HDMI<\/h2>\t\t\t\t<\/div>\n\t\t\t\t<\/div>\n\t\t\t\t\t<\/div>\n\t\t<\/div>\n\t\t\t\t\t<\/div>\n\t\t<\/section>\n\t\t\t\t<section class=\"elementor-section elementor-top-section elementor-element elementor-element-35ea0804 elementor-section-boxed elementor-section-height-default elementor-section-height-default\" data-id=\"35ea0804\" data-element_type=\"section\" data-e-type=\"section\">\n\t\t\t\t\t\t<div class=\"elementor-container elementor-column-gap-default\">\n\t\t\t\t\t<div class=\"elementor-column elementor-col-66 elementor-top-column elementor-element elementor-element-216e71fe\" data-id=\"216e71fe\" data-element_type=\"column\" data-e-type=\"column\">\n\t\t\t<div class=\"elementor-widget-wrap\">\n\t\t\t\t\t\t\t<\/div>\n\t\t<\/div>\n\t\t\t\t<div class=\"elementor-column elementor-col-33 elementor-top-column elementor-element elementor-element-1819016\" data-id=\"1819016\" data-element_type=\"column\" data-e-type=\"column\">\n\t\t\t<div class=\"elementor-widget-wrap elementor-element-populated\">\n\t\t\t\t\t\t<div class=\"elementor-element elementor-element-416b2b80 elementor-align-center elementor-widget elementor-widget-button\" data-id=\"416b2b80\" data-element_type=\"widget\" data-e-type=\"widget\" data-widget_type=\"button.default\">\n\t\t\t\t<div class=\"elementor-widget-container\">\n\t\t\t\t\t\t\t\t\t<div class=\"elementor-button-wrapper\">\n\t\t\t\t\t<a class=\"elementor-button elementor-button-link elementor-size-sm\" href=\"https:\/\/epaysite.net\/index.php\/produit-04\/\">\n\t\t\t\t\t\t<span class=\"elementor-button-content-wrapper\">\n\t\t\t\t\t\t\t\t\t<span class=\"elementor-button-text\">Commander<\/span>\n\t\t\t\t\t<\/span>\n\t\t\t\t\t<\/a>\n\t\t\t\t<\/div>\n\t\t\t\t\t\t\t\t<\/div>\n\t\t\t\t<\/div>\n\t\t\t\t\t<\/div>\n\t\t<\/div>\n\t\t\t\t\t<\/div>\n\t\t<\/section>\n\t\t\t\t<section class=\"elementor-section elementor-top-section elementor-element elementor-element-5dba4100 elementor-section-boxed elementor-section-height-default elementor-section-height-default\" data-id=\"5dba4100\" data-element_type=\"section\" data-e-type=\"section\">\n\t\t\t\t\t\t<div class=\"elementor-container elementor-column-gap-default\">\n\t\t\t\t\t<div class=\"elementor-column elementor-col-100 elementor-top-column elementor-element elementor-element-4d1b0ab4\" data-id=\"4d1b0ab4\" data-element_type=\"column\" data-e-type=\"column\">\n\t\t\t<div class=\"elementor-widget-wrap elementor-element-populated\">\n\t\t\t\t\t\t<div class=\"elementor-element elementor-element-1704ca84 elementor-widget elementor-widget-text-editor\" data-id=\"1704ca84\" data-element_type=\"widget\" data-e-type=\"widget\" data-widget_type=\"text-editor.default\">\n\t\t\t\t<div class=\"elementor-widget-container\">\n\t\t\t\t\t\t\t\t\t<ul class=\"font_8\"><li><p class=\"font_8\">Nom de la marque: H96<\/p><\/li><li><p class=\"font_8\">Sortie Vid\u00e9o: HDMI 2.0<\/p><\/li><li><p class=\"font_8\">Ordinateur: Other<\/p><\/li><li><p class=\"font_8\">GPU: Penta-core Mali-450<\/p><\/li><li><p class=\"font_8\">Syst\u00e8me d&#8217;exploitation OS: ANDROID<\/p><\/li><li><p class=\"font_8\">M\u00e9moire interne: 16 GB mem<\/p><\/li><li><p class=\"font_8\">Ethernet: 100 M<\/p><\/li><li><p class=\"font_8\">Sans fil: Oui<\/p><\/li><li><p class=\"font_8\">M\u00e9moire: 2G DDR3<\/p><\/li><li><p class=\"font_8\">Bluetooth: Oui<\/p><\/li><li><p class=\"font_8\">GOOGLE Fonte: Oui<\/p><\/li><li><p class=\"font_8\">Poids: 0.36<\/p><\/li><li><p class=\"font_8\">Mise \u00c0 Jour OTA: Oui<\/p><\/li><li><p class=\"font_8\">Puissance: DC 5 V, 2A<\/p><\/li><li><p class=\"font_8\">Num\u00e9ro du mod\u00e8le: STB.RK3318BK<\/p><\/li><li><p class=\"font_8\">Mise \u00c0 Niveau du syst\u00e8me: Oui<\/p><\/li><li><p class=\"font_8\">Max. Capacit\u00e9 \u00c9tendue: TF Carte Jusqu&#8217;\u00e0 64 GB<\/p><\/li><li><p class=\"font_8\">T\u00e9l\u00e9commande: Inclus<\/p><\/li><\/ul>\t\t\t\t\t\t\t\t<\/div>\n\t\t\t\t<\/div>\n\t\t\t\t\t<\/div>\n\t\t<\/div>\n\t\t\t\t\t<\/div>\n\t\t<\/section>\n\t\t\t\t<section class=\"elementor-section elementor-top-section elementor-element elementor-element-55ee7ced elementor-section-boxed elementor-section-height-default elementor-section-height-default\" data-id=\"55ee7ced\" data-element_type=\"section\" data-e-type=\"section\">\n\t\t\t\t\t\t<div class=\"elementor-container elementor-column-gap-default\">\n\t\t\t\t\t<div class=\"elementor-column elementor-col-100 elementor-top-column elementor-element elementor-element-4fdb7776\" data-id=\"4fdb7776\" data-element_type=\"column\" data-e-type=\"column\">\n\t\t\t<div class=\"elementor-widget-wrap elementor-element-populated\">\n\t\t\t\t\t\t<div class=\"elementor-element elementor-element-414ae88 elementor-widget elementor-widget-image\" data-id=\"414ae88\" data-element_type=\"widget\" data-e-type=\"widget\" data-widget_type=\"image.default\">\n\t\t\t\t<div class=\"elementor-widget-container\">\n\t\t\t\t\t\t\t\t\t\t\t\t\t\t\t<img fetchpriority=\"high\" decoding=\"async\" width=\"600\" height=\"596\" src=\"https:\/\/epaysite.net\/wp-content\/uploads\/2023\/03\/1-19.png\" class=\"attachment-large size-large wp-image-404\" alt=\"\" srcset=\"https:\/\/epaysite.net\/wp-content\/uploads\/2023\/03\/1-19.png 600w, https:\/\/epaysite.net\/wp-content\/uploads\/2023\/03\/1-19-100x100.png 100w, https:\/\/epaysite.net\/wp-content\/uploads\/2023\/03\/1-19-300x298.png 300w, https:\/\/epaysite.net\/wp-content\/uploads\/2023\/03\/1-19-150x150.png 150w\" sizes=\"(max-width: 600px) 100vw, 600px\" \/>\t\t\t\t\t\t\t\t\t\t\t\t\t\t\t<\/div>\n\t\t\t\t<\/div>\n\t\t\t\t\t<\/div>\n\t\t<\/div>\n\t\t\t\t\t<\/div>\n\t\t<\/section>\n\t\t\t\t<section class=\"elementor-section elementor-top-section elementor-element elementor-element-7559ac8d elementor-section-boxed elementor-section-height-default elementor-section-height-default\" data-id=\"7559ac8d\" data-element_type=\"section\" data-e-type=\"section\">\n\t\t\t\t\t\t<div class=\"elementor-container elementor-column-gap-default\">\n\t\t\t\t\t<div class=\"elementor-column elementor-col-100 elementor-top-column elementor-element elementor-element-8117762\" data-id=\"8117762\" data-element_type=\"column\" data-e-type=\"column\">\n\t\t\t<div class=\"elementor-widget-wrap elementor-element-populated\">\n\t\t\t\t\t\t<div class=\"elementor-element elementor-element-11944c16 elementor-widget elementor-widget-image\" data-id=\"11944c16\" data-element_type=\"widget\" data-e-type=\"widget\" data-widget_type=\"image.default\">\n\t\t\t\t<div class=\"elementor-widget-container\">\n\t\t\t\t\t\t\t\t\t\t\t\t\t\t\t<img decoding=\"async\" width=\"600\" height=\"600\" src=\"https:\/\/epaysite.net\/wp-content\/uploads\/2023\/03\/2-17.png\" class=\"attachment-large size-large wp-image-405\" alt=\"\" srcset=\"https:\/\/epaysite.net\/wp-content\/uploads\/2023\/03\/2-17.png 600w, https:\/\/epaysite.net\/wp-content\/uploads\/2023\/03\/2-17-300x300.png 300w, https:\/\/epaysite.net\/wp-content\/uploads\/2023\/03\/2-17-100x100.png 100w, https:\/\/epaysite.net\/wp-content\/uploads\/2023\/03\/2-17-150x150.png 150w\" sizes=\"(max-width: 600px) 100vw, 600px\" \/>\t\t\t\t\t\t\t\t\t\t\t\t\t\t\t<\/div>\n\t\t\t\t<\/div>\n\t\t\t\t\t<\/div>\n\t\t<\/div>\n\t\t\t\t\t<\/div>\n\t\t<\/section>\n\t\t\t\t<section class=\"elementor-section elementor-top-section elementor-element elementor-element-24fdfec2 elementor-section-boxed elementor-section-height-default elementor-section-height-default\" data-id=\"24fdfec2\" data-element_type=\"section\" data-e-type=\"section\">\n\t\t\t\t\t\t<div class=\"elementor-container elementor-column-gap-default\">\n\t\t\t\t\t<div class=\"elementor-column elementor-col-100 elementor-top-column elementor-element elementor-element-20037b2f\" data-id=\"20037b2f\" data-element_type=\"column\" data-e-type=\"column\">\n\t\t\t<div class=\"elementor-widget-wrap elementor-element-populated\">\n\t\t\t\t\t\t<div class=\"elementor-element elementor-element-60dc97ac elementor-widget elementor-widget-image\" data-id=\"60dc97ac\" data-element_type=\"widget\" data-e-type=\"widget\" data-widget_type=\"image.default\">\n\t\t\t\t<div class=\"elementor-widget-container\">\n\t\t\t\t\t\t\t\t\t\t\t\t\t\t\t<img decoding=\"async\" width=\"601\" height=\"534\" src=\"https:\/\/epaysite.net\/wp-content\/uploads\/2023\/03\/3-16.png\" class=\"attachment-large size-large wp-image-406\" alt=\"\" srcset=\"https:\/\/epaysite.net\/wp-content\/uploads\/2023\/03\/3-16.png 601w, https:\/\/epaysite.net\/wp-content\/uploads\/2023\/03\/3-16-300x267.png 300w\" sizes=\"(max-width: 601px) 100vw, 601px\" \/>\t\t\t\t\t\t\t\t\t\t\t\t\t\t\t<\/div>\n\t\t\t\t<\/div>\n\t\t\t\t\t<\/div>\n\t\t<\/div>\n\t\t\t\t\t<\/div>\n\t\t<\/section>\n\t\t\t\t<section class=\"elementor-section elementor-top-section elementor-element elementor-element-33d8ae81 elementor-section-boxed elementor-section-height-default elementor-section-height-default\" data-id=\"33d8ae81\" data-element_type=\"section\" data-e-type=\"section\">\n\t\t\t\t\t\t<div class=\"elementor-container elementor-column-gap-default\">\n\t\t\t\t\t<div class=\"elementor-column elementor-col-100 elementor-top-column elementor-element elementor-element-41090e13\" data-id=\"41090e13\" data-element_type=\"column\" data-e-type=\"column\">\n\t\t\t<div class=\"elementor-widget-wrap elementor-element-populated\">\n\t\t\t\t\t\t<div class=\"elementor-element elementor-element-70da0f7e elementor-widget elementor-widget-image\" data-id=\"70da0f7e\" data-element_type=\"widget\" data-e-type=\"widget\" data-widget_type=\"image.default\">\n\t\t\t\t<div class=\"elementor-widget-container\">\n\t\t\t\t\t\t\t\t\t\t\t\t\t\t\t<img loading=\"lazy\" decoding=\"async\" width=\"597\" height=\"591\" src=\"https:\/\/epaysite.net\/wp-content\/uploads\/2023\/03\/4-15.png\" class=\"attachment-large size-large wp-image-407\" alt=\"\" srcset=\"https:\/\/epaysite.net\/wp-content\/uploads\/2023\/03\/4-15.png 597w, https:\/\/epaysite.net\/wp-content\/uploads\/2023\/03\/4-15-100x100.png 100w, https:\/\/epaysite.net\/wp-content\/uploads\/2023\/03\/4-15-300x297.png 300w\" sizes=\"(max-width: 597px) 100vw, 597px\" \/>\t\t\t\t\t\t\t\t\t\t\t\t\t\t\t<\/div>\n\t\t\t\t<\/div>\n\t\t\t\t\t<\/div>\n\t\t<\/div>\n\t\t\t\t\t<\/div>\n\t\t<\/section>\n\t\t\t\t<section class=\"elementor-section elementor-top-section elementor-element elementor-element-1ff04af8 elementor-section-boxed elementor-section-height-default elementor-section-height-default\" data-id=\"1ff04af8\" data-element_type=\"section\" data-e-type=\"section\">\n\t\t\t\t\t\t<div class=\"elementor-container elementor-column-gap-default\">\n\t\t\t\t\t<div class=\"elementor-column elementor-col-100 elementor-top-column elementor-element elementor-element-882fea7\" data-id=\"882fea7\" data-element_type=\"column\" data-e-type=\"column\">\n\t\t\t<div class=\"elementor-widget-wrap elementor-element-populated\">\n\t\t\t\t\t\t<div class=\"elementor-element elementor-element-24283c29 elementor-widget elementor-widget-image\" data-id=\"24283c29\" data-element_type=\"widget\" data-e-type=\"widget\" data-widget_type=\"image.default\">\n\t\t\t\t<div class=\"elementor-widget-container\">\n\t\t\t\t\t\t\t\t\t\t\t\t\t\t\t<img loading=\"lazy\" decoding=\"async\" width=\"599\" height=\"583\" src=\"https:\/\/epaysite.net\/wp-content\/uploads\/2023\/03\/5-10.png\" class=\"attachment-large size-large wp-image-408\" alt=\"\" srcset=\"https:\/\/epaysite.net\/wp-content\/uploads\/2023\/03\/5-10.png 599w, https:\/\/epaysite.net\/wp-content\/uploads\/2023\/03\/5-10-300x292.png 300w\" sizes=\"(max-width: 599px) 100vw, 599px\" \/>\t\t\t\t\t\t\t\t\t\t\t\t\t\t\t<\/div>\n\t\t\t\t<\/div>\n\t\t\t\t\t<\/div>\n\t\t<\/div>\n\t\t\t\t\t<\/div>\n\t\t<\/section>\n\t\t\t\t<section class=\"elementor-section elementor-top-section elementor-element elementor-element-6d748ea2 elementor-section-boxed elementor-section-height-default elementor-section-height-default\" data-id=\"6d748ea2\" data-element_type=\"section\" data-e-type=\"section\">\n\t\t\t\t\t\t<div class=\"elementor-container elementor-column-gap-default\">\n\t\t\t\t\t<div class=\"elementor-column elementor-col-100 elementor-top-column elementor-element elementor-element-556d770\" data-id=\"556d770\" data-element_type=\"column\" data-e-type=\"column\">\n\t\t\t<div class=\"elementor-widget-wrap elementor-element-populated\">\n\t\t\t\t\t\t<div class=\"elementor-element elementor-element-631cc239 elementor-widget elementor-widget-image\" data-id=\"631cc239\" data-element_type=\"widget\" data-e-type=\"widget\" data-widget_type=\"image.default\">\n\t\t\t\t<div class=\"elementor-widget-container\">\n\t\t\t\t\t\t\t\t\t\t\t\t\t\t\t<img loading=\"lazy\" decoding=\"async\" width=\"534\" height=\"484\" src=\"https:\/\/epaysite.net\/wp-content\/uploads\/2023\/03\/6-5.png\" class=\"attachment-large size-large wp-image-409\" alt=\"\" srcset=\"https:\/\/epaysite.net\/wp-content\/uploads\/2023\/03\/6-5.png 534w, https:\/\/epaysite.net\/wp-content\/uploads\/2023\/03\/6-5-300x272.png 300w\" sizes=\"(max-width: 534px) 100vw, 534px\" \/>\t\t\t\t\t\t\t\t\t\t\t\t\t\t\t<\/div>\n\t\t\t\t<\/div>\n\t\t\t\t\t<\/div>\n\t\t<\/div>\n\t\t\t\t\t<\/div>\n\t\t<\/section>\n\t\t\t\t<section class=\"elementor-section elementor-top-section elementor-element elementor-element-550f6202 elementor-section-boxed elementor-section-height-default elementor-section-height-default\" data-id=\"550f6202\" data-element_type=\"section\" data-e-type=\"section\">\n\t\t\t\t\t\t<div class=\"elementor-container elementor-column-gap-default\">\n\t\t\t\t\t<div class=\"elementor-column elementor-col-100 elementor-top-column elementor-element elementor-element-55deb4c5\" data-id=\"55deb4c5\" data-element_type=\"column\" data-e-type=\"column\">\n\t\t\t<div class=\"elementor-widget-wrap elementor-element-populated\">\n\t\t\t\t\t\t<div class=\"elementor-element elementor-element-794445a2 elementor-widget elementor-widget-spacer\" data-id=\"794445a2\" data-element_type=\"widget\" data-e-type=\"widget\" data-widget_type=\"spacer.default\">\n\t\t\t\t<div class=\"elementor-widget-container\">\n\t\t\t\t\t\t\t<div class=\"elementor-spacer\">\n\t\t\t<div class=\"elementor-spacer-inner\"><\/div>\n\t\t<\/div>\n\t\t\t\t\t\t<\/div>\n\t\t\t\t<\/div>\n\t\t\t\t\t<\/div>\n\t\t<\/div>\n\t\t\t\t\t<\/div>\n\t\t<\/section>\n\t\t\t\t<\/div>\n\t\t","protected":false},"excerpt":{"rendered":"<p>H96 MAX 4K HD 1080P Android TV Box RK3318 Android 9.0 d\u00e9codeur intelligent RK3318 Quad Core lecteur multim\u00e9dia Support 3D&#8230;<\/p>\n","protected":false},"author":1,"featured_media":0,"parent":0,"menu_order":0,"comment_status":"closed","ping_status":"closed","template":"","meta":{"footnotes":""},"class_list":["post-398","page","type-page","status-publish","hentry"],"_links":{"self":[{"href":"https:\/\/epaysite.net\/index.php\/wp-json\/wp\/v2\/pages\/398","targetHints":{"allow":["GET"]}}],"collection":[{"href":"https:\/\/epaysite.net\/index.php\/wp-json\/wp\/v2\/pages"}],"about":[{"href":"https:\/\/epaysite.net\/index.php\/wp-json\/wp\/v2\/types\/page"}],"author":[{"embeddable":true,"href":"https:\/\/epaysite.net\/index.php\/wp-json\/wp\/v2\/users\/1"}],"replies":[{"embeddable":true,"href":"https:\/\/epaysite.net\/index.php\/wp-json\/wp\/v2\/comments?post=398"}],"version-history":[{"count":0,"href":"https:\/\/epaysite.net\/index.php\/wp-json\/wp\/v2\/pages\/398\/revisions"}],"wp:attachment":[{"href":"https:\/\/epaysite.net\/index.php\/wp-json\/wp\/v2\/media?parent=398"}],"curies":[{"name":"wp","href":"https:\/\/api.w.org\/{rel}","templated":true}]}}